{"id":3,"date":"2023-10-29T14:47:40","date_gmt":"2023-10-29T17:47:40","guid":{"rendered":"http:\/\/lusoasociados.com\/?page_id=3"},"modified":"2024-09-19T18:18:13","modified_gmt":"2024-09-19T21:18:13","slug":"politica-privacidad","status":"publish","type":"page","link":"https:\/\/lusoasociados.com\/he\/politica-privacidad\/","title":{"rendered":"Pol\u00edtica de privacidad"},"content":{"rendered":"<div data-elementor-type=\"wp-page\" data-elementor-id=\"3\" class=\"elementor elementor-3\" data-elementor-post-type=\"page\">\n\t\t\t\t<div data-particle_enable=\"false\" data-particle-mobile-disabled=\"false\" class=\"elementor-element elementor-element-12f4af79 e-flex e-con-boxed e-con e-parent\" data-id=\"12f4af79\" data-element_type=\"container\" data-settings=\"{&quot;background_background&quot;:&quot;classic&quot;}\">\n\t\t\t\t\t<div class=\"e-con-inner\">\n\t\t\t\t<div class=\"elementor-element elementor-element-957698f elementor-widget elementor-widget-heading\" data-id=\"957698f\" data-element_type=\"widget\" data-widget_type=\"heading.default\">\n\t\t\t\t<div class=\"elementor-widget-container\">\n\t\t\t\t\t<h2 class=\"elementor-heading-title elementor-size-default\">\u05de\u05d3\u05d9\u05e0\u05d9\u05d5\u05ea \u05e4\u05e8\u05d8\u05d9\u05d5\u05ea<\/h2>\t\t\t\t<\/div>\n\t\t\t\t<\/div>\n\t\t\t\t<div class=\"elementor-element elementor-element-1032aa84 elementor-widget elementor-widget-text-editor\" data-id=\"1032aa84\" data-element_type=\"widget\" data-widget_type=\"text-editor.default\">\n\t\t\t\t<div class=\"elementor-widget-container\">\n\t\t\t\t\t\t\t\t\t<p><strong>\u00daltima actualizaci\u00f3n: 19-09-2024<\/strong><\/p><p>En <strong>\u05dc\u05d5\u05e1\u05d5 \u05d0\u05e1\u05d5\u05e1\u05d9\u05d0\u05d3\u05d5\u05e1<\/strong>, respetamos tu privacidad y estamos comprometidos a proteger la confidencialidad de los datos personales que nos proporciones. Este documento describe c\u00f3mo recopilamos, utilizamos y protegemos tu informaci\u00f3n cuando interact\u00faas con nuestros servicios.<br \/><br \/><\/p><h3>Recopilaci\u00f3n y uso de datos personales<\/h3><p>Puedes navegar por nuestras p\u00e1ginas sin necesidad de proporcionar informaci\u00f3n personal. Sin embargo, para acceder a ciertos servicios o funciones, puede ser necesario que nos proporciones datos como nombre, tel\u00e9fono, correo electr\u00f3nico, y datos geneal\u00f3gicos. Esta informaci\u00f3n ser\u00e1 recopilada a trav\u00e9s de formularios en l\u00ednea y se procesar\u00e1 conforme a las normativas vigentes de seguridad, en especial, de acuerdo con el <strong>Reglamento General de Protecci\u00f3n de Datos (RGPD)<\/strong> (Reglamento de la UE n.\u00ba 679\/2016).<br \/><br \/><\/p><h3>Seguridad de tus datos<\/h3><p>Implementamos estrictas medidas t\u00e9cnicas y organizativas para proteger tus datos personales contra accesos no autorizados, alteraci\u00f3n, divulgaci\u00f3n o destrucci\u00f3n. Cumplimos con las disposiciones del <strong>art\u00edculo 32<\/strong> del RGPD, garantizando un nivel adecuado de seguridad que minimice los riesgos para los derechos y libertades de las personas.<br \/><br \/><\/p><h3>Anuncios y cookies<\/h3><p>Nuestro sitio web puede recibir tr\u00e1fico proveniente de anuncios publicitarios, incluyendo M<strong>eta ads<\/strong> y\u00a0 <strong>Google Ads<\/strong>. En estos casos, es posible que recopilemos informaci\u00f3n adicional sobre tu interacci\u00f3n con los anuncios y con nuestro sitio web, como el origen de tu visita, p\u00e1ginas que has visualizado y acciones que realizas en el sitio.<\/p><p>Utilizamos cookies para mejorar tu experiencia de usuario y analizar el rendimiento de los anuncios. Estas cookies permiten rastrear tus preferencias y comportamiento de navegaci\u00f3n, lo que nos ayuda a personalizar y optimizar los contenidos y servicios que te ofrecemos. Puedes gestionar tus preferencias de cookies directamente en la configuraci\u00f3n de tu navegador.<\/p><h3><br \/>\u00bfTienes dudas?<\/h3><p>Si tienes preguntas sobre c\u00f3mo manejamos tu informaci\u00f3n personal,\u00a0 puedes contactarnos en <strong><a href=\"mailto:info@lusoasociados.com\" rel=\"noopener\">info@lusoasociados.com<\/a><\/strong>. Nuestro equipo estar\u00e1 disponible para resolver cualquier inquietud sobre la recopilaci\u00f3n de datos, el uso de cookies, o c\u00f3mo garantizamos la seguridad de tu informaci\u00f3n.<\/p><h3><br \/>Derechos del usuario<\/h3><p>Tienes el derecho a acceder, corregir, actualizar y eliminar tus datos personales en cualquier momento. Si deseas ejercer estos derechos, puedes escribirnos a <strong><a href=\"mailto:info@lusoasociados.com\" rel=\"noopener\">info@lusoasociados.com<\/a><\/strong>. Nos comprometemos a responder a tu solicitud con prontitud.<\/p>\t\t\t\t\t\t\t\t<\/div>\n\t\t\t\t<\/div>\n\t\t\t\t\t<\/div>\n\t\t\t\t<\/div>\n\t\t\t\t<\/div>","protected":false},"excerpt":{"rendered":"<p>Pol\u00edtica de Privacidad \u00daltima actualizaci\u00f3n: 19-09-2024 En Luso Asociados, respetamos tu privacidad y estamos comprometidos a proteger la confidencialidad de los datos personales que nos proporciones. Este documento describe c\u00f3mo recopilamos, utilizamos y protegemos tu informaci\u00f3n cuando interact\u00faas con nuestros servicios. Recopilaci\u00f3n y uso de datos personales Puedes navegar por nuestras p\u00e1ginas sin necesidad de [&hellip;]<\/p>","protected":false},"author":1,"featured_media":0,"parent":0,"menu_order":0,"comment_status":"closed","ping_status":"open","template":"","meta":{"content-type":"","footnotes":""},"class_list":["post-3","page","type-page","status-publish","hentry"],"_links":{"self":[{"href":"https:\/\/lusoasociados.com\/he\/wp-json\/wp\/v2\/pages\/3","targetHints":{"allow":["GET"]}}],"collection":[{"href":"https:\/\/lusoasociados.com\/he\/wp-json\/wp\/v2\/pages"}],"about":[{"href":"https:\/\/lusoasociados.com\/he\/wp-json\/wp\/v2\/types\/page"}],"author":[{"embeddable":true,"href":"https:\/\/lusoasociados.com\/he\/wp-json\/wp\/v2\/users\/1"}],"replies":[{"embeddable":true,"href":"https:\/\/lusoasociados.com\/he\/wp-json\/wp\/v2\/comments?post=3"}],"version-history":[{"count":7,"href":"https:\/\/lusoasociados.com\/he\/wp-json\/wp\/v2\/pages\/3\/revisions"}],"predecessor-version":[{"id":323,"href":"https:\/\/lusoasociados.com\/he\/wp-json\/wp\/v2\/pages\/3\/revisions\/323"}],"wp:attachment":[{"href":"https:\/\/lusoasociados.com\/he\/wp-json\/wp\/v2\/media?parent=3"}],"curies":[{"name":"wp","href":"https:\/\/api.w.org\/{rel}","templated":true}]}}